{"id":3364,"date":"2020-04-27T17:35:07","date_gmt":"2020-04-27T15:35:07","guid":{"rendered":"http:\/\/www.dentiste-sens.com\/?page_id=3364"},"modified":"2020-05-01T15:39:50","modified_gmt":"2020-05-01T13:39:50","slug":"telechargements-patients","status":"publish","type":"page","link":"http:\/\/www.dentiste-sens.com\/index.php\/soins-dentaires\/telechargements-patients\/","title":{"rendered":"T\u00e9l\u00e9chargements Patients"},"content":{"rendered":"<div id=\"pl-3364\"  class=\"panel-layout\" ><div id=\"pg-3364-0\"  class=\"panel-grid panel-has-style\" ><div class=\"divider-no-animation tablet-1-in-row mobile-1-in-row desktop-default panel-row-style panel-row-style-for-3364-0\" ><div id=\"pgc-3364-0-0\"  class=\"panel-grid-cell\" ><div id=\"panel-3364-0-0-0\" class=\"so-panel widget widget_orion_heading_w panel-first-child\" data-index=\"0\" ><div class=\"orion mobile-text-center tablets-text-center default panel-widget-style panel-widget-style-for-3364-0-0-0\" ><div\n\t\t\t\n\t\t\tclass=\"so-widget-orion_heading_w so-widget-orion_heading_w-base\"\n\t\t\t\n\t\t> \r\n\t\t\t<div class=\"row orion-heading\" style=\"margin-bottom:0px;\">\r\n\t\t<div class=\"col-md-12  separator-style-1 text-left style-h4 style-primary-color\">\r\n\t\t\t<h4 class=\"primary-color\">\r\n\t\t\t\tPr\u00e9parez votre visite dans notre cabinet\t\t\t<\/h4>\r\n\t\t<\/div>\r\n\t<\/div>\r\n\r\n\t<\/div><\/div><\/div><div id=\"panel-3364-0-0-1\" class=\"so-panel widget widget_sow-editor panel-last-child\" data-index=\"1\" ><div class=\"orion mobile-text-center tablets-text-center default panel-widget-style panel-widget-style-for-3364-0-0-1\" ><div\n\t\t\t\n\t\t\tclass=\"so-widget-sow-editor so-widget-sow-editor-base\"\n\t\t\t\n\t\t>\n<div class=\"siteorigin-widget-tinymce textwidget\">\n\t<p>Afin de pr\u00e9parer votre visite, de r\u00e9pondre \u00e0 vos questions ou d'avoir des r\u00e9ponses suite \u00e0 des actes d\u00e9j\u00e0 r\u00e9alis\u00e9s, vous trouverez ici des documents \u00e0 t\u00e9l\u00e9charger.<\/p>\n<\/div>\n<\/div><\/div><\/div><\/div><\/div><\/div><div id=\"pg-3364-1\"  class=\"panel-grid panel-has-style\" ><div class=\"siteorigin-panels-stretch divider-no-animation tablet-1-in-row mobile-1-in-row desktop-default orion-equal-height panel-row-style panel-row-style-for-3364-1\" data-stretch-type=\"full-stretched\" data-svg-bottom-color=\"#ffffff\" data-svg-top-color=\"#ffffff\" ><div id=\"pgc-3364-1-0\"  class=\"panel-grid-cell panel-grid-cell-empty\" ><\/div><div id=\"pgc-3364-1-1\"  class=\"panel-grid-cell panel-grid-cell-mobile-last\" ><div id=\"panel-3364-1-1-0\" class=\"so-panel widget widget_orion_upload_w panel-first-child panel-last-child\" data-index=\"2\" ><div class=\"orion default panel-widget-style panel-widget-style-for-3364-1-1-0\" ><div\n\t\t\t\n\t\t\tclass=\"so-widget-orion_upload_w so-widget-orion_upload_w-base\"\n\t\t\t\n\t\t><div class=\"row button-wrap\">\r\n\t\t\t<div class=\"col-md-12 entry-header\">\r\n\t\t\t<h3 class=\"widget-title \">DOCUMENTS PATIENTS A TELECHARGER<\/h3>\r\n\t\t<\/div>\r\n\t\r\n\t\r\n\t\t\t\t<div class=\"col-md-12\">\t\t\r\n\t\t\t<a class=\"btn-download icon-right btn btn-flat\" href=\"http:\/\/www.dentiste-sens.com\/wp-content\/uploads\/2020\/04\/Questionnaire-medical-clinique-dentaire-du-mail-Sens.pdf\" download=\"Questionnaire-medical-clinique-dentaire-du-mail-Sens.pdf\">\r\n\t\t\t\t\tQuestionnaire M\u00e9dical\t\t\t\t\t\t\t\t\t\t\t<span class=\"sow-icon-eleganticons\" data-sow-icon=\"&#xe004;\"\n\t\tstyle=\"\" \n\t\taria-hidden=\"true\"><\/span>\t\r\n\t\t\t\t\t\t\t\t\t\t<span class=\"orionicon orionicon-icon_check btn-visited\"><\/span>\r\n\t\t\t<\/a>\r\n\t\t<\/div>\r\n\t\r\n\t\t\t\t<div class=\"col-md-12\">\t\t\r\n\t\t\t<a class=\"btn-download icon-right btn btn-flat\" href=\"http:\/\/www.dentiste-sens.com\/wp-content\/uploads\/2020\/04\/Consentement-eclair\u00e9e-implantologie.pdf\" download=\"Consentement-eclair\u00e9e-implantologie.pdf\">\r\n\t\t\t\t\tConsentement Eclair\u00e9 Implantologie\t\t\t\t\t\t\t\t\t\t\t<span class=\"sow-icon-eleganticons\" data-sow-icon=\"&#xe004;\"\n\t\tstyle=\"\" \n\t\taria-hidden=\"true\"><\/span>\t\r\n\t\t\t\t\t\t\t\t\t\t<span class=\"orionicon orionicon-icon_check btn-visited\"><\/span>\r\n\t\t\t<\/a>\r\n\t\t<\/div>\r\n\t\r\n\t\t\t\t<div class=\"col-md-12\">\t\t\r\n\t\t\t<a class=\"btn-download icon-right btn btn-flat\" href=\"http:\/\/www.dentiste-sens.com\/wp-content\/uploads\/2020\/04\/Conseils-metaux-en-bouche.pdf\" download=\"Conseils-metaux-en-bouche.pdf\">\r\n\t\t\t\t\tFiche Conseil : Les m\u00e9taux en bouche\t\t\t\t\t\t\t\t\t\t\t<span class=\"sow-icon-eleganticons\" data-sow-icon=\"&#xe004;\"\n\t\tstyle=\"\" \n\t\taria-hidden=\"true\"><\/span>\t\r\n\t\t\t\t\t\t\t\t\t\t<span class=\"orionicon orionicon-icon_check btn-visited\"><\/span>\r\n\t\t\t<\/a>\r\n\t\t<\/div>\r\n\t\r\n\t\t\t\t<div class=\"col-md-12\">\t\t\r\n\t\t\t<a class=\"btn-download icon-right btn btn-flat\" href=\"http:\/\/www.dentiste-sens.com\/wp-content\/uploads\/2020\/04\/Les-proth\u00e8ses-vieillissantes.pdf\" download=\"Les-proth\u00e8ses-vieillissantes.pdf\">\r\n\t\t\t\t\tFiche Conseil : Pourquoi changer les couronnes vieillissantes\t\t\t\t\t\t\t\t\t\t\t<span class=\"sow-icon-eleganticons\" data-sow-icon=\"&#xe004;\"\n\t\tstyle=\"\" \n\t\taria-hidden=\"true\"><\/span>\t\r\n\t\t\t\t\t\t\t\t\t\t<span class=\"orionicon orionicon-icon_check btn-visited\"><\/span>\r\n\t\t\t<\/a>\r\n\t\t<\/div>\r\n\t\r\n\t\t\t\t<div class=\"col-md-12\">\t\t\r\n\t\t\t<a class=\"btn-download icon-right btn btn-flat\" href=\"http:\/\/www.dentiste-sens.com\/wp-content\/uploads\/2020\/04\/parodontite-dechaussement.pdf\" download=\"parodontite-dechaussement.pdf\">\r\n\t\t\t\t\tFiche Conseil : La parodontite et le d\u00e9chaussement des dents\t\t\t\t\t\t\t\t\t\t\t<span class=\"sow-icon-eleganticons\" data-sow-icon=\"&#xe004;\"\n\t\tstyle=\"\" \n\t\taria-hidden=\"true\"><\/span>\t\r\n\t\t\t\t\t\t\t\t\t\t<span class=\"orionicon orionicon-icon_check btn-visited\"><\/span>\r\n\t\t\t<\/a>\r\n\t\t<\/div>\r\n\t\r\n\t\t\t\t<div class=\"col-md-12\">\t\t\r\n\t\t\t<a class=\"btn-download icon-right btn btn-flat\" href=\"http:\/\/www.dentiste-sens.com\/wp-content\/uploads\/2020\/04\/Fractures-Dentaires.pdf\" download=\"Fractures-Dentaires.pdf\">\r\n\t\t\t\t\tFiche Conseil : Les fractures dentaires\t\t\t\t\t\t\t\t\t\t\t<span class=\"sow-icon-eleganticons\" data-sow-icon=\"&#xe004;\"\n\t\tstyle=\"\" \n\t\taria-hidden=\"true\"><\/span>\t\r\n\t\t\t\t\t\t\t\t\t\t<span class=\"orionicon orionicon-icon_check btn-visited\"><\/span>\r\n\t\t\t<\/a>\r\n\t\t<\/div>\r\n\t\r\n\t\t\t\t<div class=\"col-md-12\">\t\t\r\n\t\t\t<a class=\"btn-download icon-right btn btn-flat\" href=\"http:\/\/www.dentiste-sens.com\/wp-content\/uploads\/2020\/04\/Edentation-totale-et-affaissement-du-visage.pdf\" download=\"Edentation-totale-et-affaissement-du-visage.pdf\">\r\n\t\t\t\t\tFiche Conseil : \u00c9dentation totale et affaissement du visage\t\t\t\t\t\t\t\t\t\t\t<span class=\"sow-icon-eleganticons\" data-sow-icon=\"&#xe004;\"\n\t\tstyle=\"\" \n\t\taria-hidden=\"true\"><\/span>\t\r\n\t\t\t\t\t\t\t\t\t\t<span class=\"orionicon orionicon-icon_check btn-visited\"><\/span>\r\n\t\t\t<\/a>\r\n\t\t<\/div>\r\n\t\r\n\t\t\t\t<div class=\"col-md-12\">\t\t\r\n\t\t\t<a class=\"btn-download icon-right btn btn-flat\" href=\"http:\/\/www.dentiste-sens.com\/wp-content\/uploads\/2020\/04\/Conseils-post-detartrage.pdf\" download=\"Conseils-post-detartrage.pdf\">\r\n\t\t\t\t\tFiche Conseil : Apr\u00e8s d\u00e9tartrage\t\t\t\t\t\t\t\t\t\t\t<span class=\"sow-icon-eleganticons\" data-sow-icon=\"&#xe004;\"\n\t\tstyle=\"\" \n\t\taria-hidden=\"true\"><\/span>\t\r\n\t\t\t\t\t\t\t\t\t\t<span class=\"orionicon orionicon-icon_check btn-visited\"><\/span>\r\n\t\t\t<\/a>\r\n\t\t<\/div>\r\n\t\r\n\t\t\t\t<div class=\"col-md-12\">\t\t\r\n\t\t\t<a class=\"btn-download icon-right btn btn-flat\" href=\"http:\/\/www.dentiste-sens.com\/wp-content\/uploads\/2020\/04\/Bruxisme.pdf\" download=\"Bruxisme.pdf\">\r\n\t\t\t\t\tFiche Conseil : Le bruxisme\t\t\t\t\t\t\t\t\t\t\t<span class=\"sow-icon-eleganticons\" data-sow-icon=\"&#xe004;\"\n\t\tstyle=\"\" \n\t\taria-hidden=\"true\"><\/span>\t\r\n\t\t\t\t\t\t\t\t\t\t<span class=\"orionicon orionicon-icon_check btn-visited\"><\/span>\r\n\t\t\t<\/a>\r\n\t\t<\/div>\r\n\t\r\n\t\t\t\t<div class=\"col-md-12\">\t\t\r\n\t\t\t<a class=\"btn-download icon-right btn btn-flat\" href=\"http:\/\/www.dentiste-sens.com\/wp-content\/uploads\/2020\/04\/Consequences-Edentement.pdf\" download=\"Consequences-Edentement.pdf\">\r\n\t\t\t\t\tFiche Conseil : Les cons\u00e9quences de ne pas remplacer les dents extraites\t\t\t\t\t\t\t\t\t\t\t<span class=\"sow-icon-eleganticons\" data-sow-icon=\"&#xe004;\"\n\t\tstyle=\"\" \n\t\taria-hidden=\"true\"><\/span>\t\r\n\t\t\t\t\t\t\t\t\t\t<span class=\"orionicon orionicon-icon_check btn-visited\"><\/span>\r\n\t\t\t<\/a>\r\n\t\t<\/div>\r\n\t\r\n<\/div><\/div><\/div><\/div><\/div><div id=\"pgc-3364-1-2\"  class=\"panel-grid-cell panel-grid-cell-empty\" ><\/div><\/div><\/div><div id=\"pg-3364-2\"  class=\"panel-grid panel-has-style\" ><div class=\"siteorigin-panels-stretch divider-no-animation tablet-1-in-row mobile-1-in-row desktop-default overlay-c2 orion-equal-height panel-row-style panel-row-style-for-3364-2\" data-stretch-type=\"full-stretched\" data-svg-bottom-color=\"#ffffff\" data-svg-top-color=\"#ffffff\" ><div id=\"pgc-3364-2-0\"  class=\"panel-grid-cell\" ><div id=\"panel-3364-2-0-0\" class=\"so-panel widget widget_orion_empty_space_w panel-first-child panel-last-child\" data-index=\"3\" ><div class=\"orion default panel-widget-style panel-widget-style-for-3364-2-0-0\" ><div\n\t\t\t\n\t\t\tclass=\"so-widget-orion_empty_space_w so-widget-orion_empty_space_w-base\"\n\t\t\t\n\t\t>\t<div class=\"row empty-space visible-lg visible-md\" style=\"height:163px;\">\r\n\t<\/div><\/div><\/div><\/div><\/div><\/div><\/div><\/div>","protected":false},"excerpt":{"rendered":"<p>T\u00e9l\u00e9chargez des documents pour pr\u00e9parer votre premier rendez-vous ainsi que des fiches explicatives<\/p>\n","protected":false},"author":1,"featured_media":0,"parent":968,"menu_order":0,"comment_status":"closed","ping_status":"closed","template":"","meta":[],"_links":{"self":[{"href":"http:\/\/www.dentiste-sens.com\/index.php\/wp-json\/wp\/v2\/pages\/3364"}],"collection":[{"href":"http:\/\/www.dentiste-sens.com\/index.php\/wp-json\/wp\/v2\/pages"}],"about":[{"href":"http:\/\/www.dentiste-sens.com\/index.php\/wp-json\/wp\/v2\/types\/page"}],"author":[{"embeddable":true,"href":"http:\/\/www.dentiste-sens.com\/index.php\/wp-json\/wp\/v2\/users\/1"}],"replies":[{"embeddable":true,"href":"http:\/\/www.dentiste-sens.com\/index.php\/wp-json\/wp\/v2\/comments?post=3364"}],"version-history":[{"count":15,"href":"http:\/\/www.dentiste-sens.com\/index.php\/wp-json\/wp\/v2\/pages\/3364\/revisions"}],"predecessor-version":[{"id":3400,"href":"http:\/\/www.dentiste-sens.com\/index.php\/wp-json\/wp\/v2\/pages\/3364\/revisions\/3400"}],"up":[{"embeddable":true,"href":"http:\/\/www.dentiste-sens.com\/index.php\/wp-json\/wp\/v2\/pages\/968"}],"wp:attachment":[{"href":"http:\/\/www.dentiste-sens.com\/index.php\/wp-json\/wp\/v2\/media?parent=3364"}],"curies":[{"name":"wp","href":"https:\/\/api.w.org\/{rel}","templated":true}]}}